{"id":16436,"date":"2022-07-20T08:52:20","date_gmt":"2022-07-20T08:52:20","guid":{"rendered":"https:\/\/caserc.thimpress.com\/?page_id=16436"},"modified":"2023-11-22T19:42:24","modified_gmt":"2023-11-22T23:42:24","slug":"about-us","status":"publish","type":"page","link":"https:\/\/carmenmalagueno.cl\/index.php\/about-us\/","title":{"rendered":"Quienes Somos"},"content":{"rendered":"\t\t<div data-elementor-type=\"wp-page\" data-elementor-id=\"16436\" class=\"elementor elementor-16436\">\n\t\t\t\t\t\t<section class=\"elementor-section elementor-top-section elementor-element elementor-element-96c3479 elementor-section-stretched elementor-section-boxed elementor-section-height-default elementor-section-height-default\" data-id=\"96c3479\" data-element_type=\"section\" data-settings=\"{&quot;stretch_section&quot;:&quot;section-stretched&quot;,&quot;animation&quot;:&quot;none&quot;,&quot;background_background&quot;:&quot;classic&quot;}\">\n\t\t\t\t\t\t<div class=\"elementor-container elementor-column-gap-custom\">\n\t\t\t\t\t<div class=\"elementor-column elementor-col-50 elementor-top-column elementor-element elementor-element-89b0ba8\" data-id=\"89b0ba8\" data-element_type=\"column\">\n\t\t\t<div class=\"elementor-widget-wrap elementor-element-populated\">\n\t\t\t\t\t\t<div class=\"elementor-element elementor-element-22ea407 elementor-widget__width-initial elementor-absolute elementor-hidden-tablet elementor-hidden-mobile elementor-widget elementor-widget-image\" data-id=\"22ea407\" data-element_type=\"widget\" data-settings=\"{&quot;_position&quot;:&quot;absolute&quot;}\" data-widget_type=\"image.default\">\n\t\t\t\t<div class=\"elementor-widget-container\">\n\t\t\t\t\t\t\t\t\t\t\t\t\t\t\t<img decoding=\"async\" src=\"https:\/\/carmenmalagueno.cl\/wp-content\/uploads\/2023\/01\/home-2023-frame1-box1.png\" title=\"\" alt=\"\" loading=\"lazy\" \/>\t\t\t\t\t\t\t\t\t\t\t\t\t\t\t<\/div>\n\t\t\t\t<\/div>\n\t\t\t\t<div class=\"elementor-element elementor-element-eef6ac8 elementor-widget elementor-widget-image\" data-id=\"eef6ac8\" data-element_type=\"widget\" data-settings=\"{&quot;_animation&quot;:&quot;none&quot;}\" data-widget_type=\"image.default\">\n\t\t\t\t<div class=\"elementor-widget-container\">\n\t\t\t\t\t\t\t\t\t\t\t\t\t\t\t<img fetchpriority=\"high\" decoding=\"async\" width=\"546\" height=\"646\" src=\"https:\/\/carmenmalagueno.cl\/wp-content\/uploads\/2023\/02\/img-about.jpg\" class=\"attachment-full size-full wp-image-25748\" alt=\"\" srcset=\"https:\/\/carmenmalagueno.cl\/wp-content\/uploads\/2023\/02\/img-about.jpg 546w, https:\/\/carmenmalagueno.cl\/wp-content\/uploads\/2023\/02\/img-about-254x300.jpg 254w\" sizes=\"(max-width: 546px) 100vw, 546px\" \/>\t\t\t\t\t\t\t\t\t\t\t\t\t\t\t<\/div>\n\t\t\t\t<\/div>\n\t\t\t\t<div class=\"elementor-element elementor-element-45285f1 elementor-widget__width-initial elementor-absolute elementor-hidden-tablet elementor-hidden-mobile elementor-widget elementor-widget-image\" data-id=\"45285f1\" data-element_type=\"widget\" data-settings=\"{&quot;_position&quot;:&quot;absolute&quot;}\" data-widget_type=\"image.default\">\n\t\t\t\t<div class=\"elementor-widget-container\">\n\t\t\t\t\t\t\t\t\t\t\t\t\t\t\t<img decoding=\"async\" src=\"https:\/\/carmenmalagueno.cl\/wp-content\/uploads\/2023\/01\/home-2023-frame2-box1.png\" title=\"\" alt=\"\" loading=\"lazy\" \/>\t\t\t\t\t\t\t\t\t\t\t\t\t\t\t<\/div>\n\t\t\t\t<\/div>\n\t\t\t\t\t<\/div>\n\t\t<\/div>\n\t\t\t\t<div class=\"elementor-column elementor-col-50 elementor-top-column elementor-element elementor-element-8bcb224\" data-id=\"8bcb224\" data-element_type=\"column\">\n\t\t\t<div class=\"elementor-widget-wrap elementor-element-populated\">\n\t\t\t\t\t\t<div class=\"elementor-element elementor-element-35aeaff elementor-widget elementor-widget-thim-ekits-heading\" data-id=\"35aeaff\" data-element_type=\"widget\" data-widget_type=\"thim-ekits-heading.default\">\n\t\t\t\t<div class=\"elementor-widget-container\">\n\t\t\t\t\t<div class=\"thim-ekits-heading thim-ekit__heading\"><h3 class=\"title\">\u00bfQui\u00e9nes Somos?<\/h3>\t\t\t<div class='desc'>\n\t\t\t\t<div style=\"text-align: justify\">\n<p><strong>Malague\u00f1o Corretajes\u00a0<\/strong>naci\u00f3 en el a\u00f1o 1945\u00a0 de la mano de su fundador Washington Malague\u00f1o Pinedo, inici\u00e1ndose en el corretaje de Seguros, ampliando su rubro con el corretaje de Propiedades.<\/p>\n<p>Desde el a\u00f1o 1978\u00a0 a trav\u00e9s de la sociedad\u00a0 Malague\u00f1o Corretajes y Mediaci\u00f3n Ltda.\u00a0 Se incorpor\u00f3 la participaci\u00f3n de un abogado y una auxiliar de arquitectura, que aportaron sus conocimientos profesionales, los que unidos a la experiencia y conocimientos de su fundador ayudan a \u00a0mantener a la empresa \u00a0en un sitio de prestigio por el \u00a0buen desempe\u00f1o, honestidad y profesionalismo en su gesti\u00f3n.<\/p>\n<p>Como empresa nos hemos preocupado de entregar un trabajo integral, satisfaciendo las necesidades\u00a0 y requerimientos inmobiliarios de nuestros clientes.<\/p>\n<p>Este m\u00e1s de medio siglo en el mercado nos\u00a0 ha permitido ayudar a muchos clientes a obtener sus viviendas, con la seguridad y confianza que\u00a0 da un trabajo realizado profesionalmente y sin abandonar el concepto m\u00e1s importante de una relaci\u00f3n comercial, la parte humana.<\/p>\n<\/div>\t\t\t<\/div>\n\t\t<\/div>\t\t\t\t<\/div>\n\t\t\t\t<\/div>\n\t\t\t\t<div class=\"elementor-element elementor-element-d75b315 elementor-widget__width-initial elementor-widget-widescreen__width-initial elementor-widget elementor-widget-thim-ekits-button\" data-id=\"d75b315\" data-element_type=\"widget\" data-widget_type=\"thim-ekits-button.default\">\n\t\t\t\t<div class=\"elementor-widget-container\">\n\t\t\t\t\t\n\t\t<div class=\"thim-ekits-button\">\n\t\t\t<a href=\"https:\/\/carmenmalagueno.cl\/index.php\/propiedades\/\" target=\"_blank\" rel=\"nofollow\" role=\"button\">\n\t\t\t\t<span class=\"button-content-wrapper\">\n\t\t\t\t\t<i aria-hidden=\"true\" class=\"icon-align-right tk tk-arrow-right\"><\/i>Conoce nuestras propiedades\t\t\t\t<\/span>\n\t\t\t<\/a>\n\t\t<\/div>\n\n\t\t\t\t\t\t<\/div>\n\t\t\t\t<\/div>\n\t\t\t\t\t<\/div>\n\t\t<\/div>\n\t\t\t\t\t<\/div>\n\t\t<\/section>\n\t\t\t\t<section class=\"elementor-section elementor-top-section elementor-element elementor-element-926336f elementor-section-stretched elementor-section-boxed elementor-section-height-default elementor-section-height-default\" data-id=\"926336f\" data-element_type=\"section\" data-settings=\"{&quot;stretch_section&quot;:&quot;section-stretched&quot;,&quot;background_background&quot;:&quot;classic&quot;}\">\n\t\t\t\t\t\t<div class=\"elementor-container elementor-column-gap-no\">\n\t\t\t\t\t<div class=\"elementor-column elementor-col-100 elementor-top-column elementor-element elementor-element-0bfffd6\" data-id=\"0bfffd6\" data-element_type=\"column\">\n\t\t\t<div class=\"elementor-widget-wrap elementor-element-populated\">\n\t\t\t\t\t\t<div class=\"elementor-element elementor-element-00a0cb3 elementor-widget elementor-widget-heading\" data-id=\"00a0cb3\" data-element_type=\"widget\" data-widget_type=\"heading.default\">\n\t\t\t\t<div class=\"elementor-widget-container\">\n\t\t\t\t\t<h2 class=\"elementor-heading-title elementor-size-default\">Nuestros Servicios<\/h2>\t\t\t\t<\/div>\n\t\t\t\t<\/div>\n\t\t\t\t<section class=\"elementor-section elementor-inner-section elementor-element elementor-element-d6104fb elementor-section-boxed elementor-section-height-default elementor-section-height-default\" data-id=\"d6104fb\" data-element_type=\"section\">\n\t\t\t\t\t\t<div class=\"elementor-container elementor-column-gap-default\">\n\t\t\t\t\t<div class=\"elementor-column elementor-col-33 elementor-inner-column elementor-element elementor-element-6f472f7\" data-id=\"6f472f7\" data-element_type=\"column\">\n\t\t\t<div class=\"elementor-widget-wrap elementor-element-populated\">\n\t\t\t\t\t\t<div class=\"elementor-element elementor-element-3d133b0 elementor-widget elementor-widget-thim-ekits-icon-box\" data-id=\"3d133b0\" data-element_type=\"widget\" data-widget_type=\"thim-ekits-icon-box.default\">\n\t\t\t\t<div class=\"elementor-widget-container\">\n\t\t\t\t\t<div class=\"ekits-iconbox iconbox-top\"><div class=\"content-inner thim-ekits-heading\"><h3 class=\"title\">Administraci\u00f3n de Propiedades<\/h3><p class=\"sub-heading\">Consiste en cobrar las rentas de arrendamiento,\nliquidar estas a sus propietarios, preocuparnos\nde los deterioros o desperfectos que puedan\nocurrir en la propiedad, solucionar estos\nproblemas con maestros que nos atienden por\nmuchos a\u00f1os, ya sean filtraciones, roturas de\nca\u00f1er\u00edas, problemas de aguas lluvias, o desgaste\nde materiales en grifer\u00edas y otros. Visitar las\npropiedades para poder mantener un control del\nestado de las mismas.\n<\/p><\/div><\/div>\t\t\t\t<\/div>\n\t\t\t\t<\/div>\n\t\t\t\t\t<\/div>\n\t\t<\/div>\n\t\t\t\t<div class=\"elementor-column elementor-col-33 elementor-inner-column elementor-element elementor-element-79d9ca5\" data-id=\"79d9ca5\" data-element_type=\"column\">\n\t\t\t<div class=\"elementor-widget-wrap elementor-element-populated\">\n\t\t\t\t\t\t<div class=\"elementor-element elementor-element-de35133 elementor-widget elementor-widget-thim-ekits-icon-box\" data-id=\"de35133\" data-element_type=\"widget\" data-widget_type=\"thim-ekits-icon-box.default\">\n\t\t\t\t<div class=\"elementor-widget-container\">\n\t\t\t\t\t<div class=\"ekits-iconbox iconbox-top\"><div class=\"content-inner thim-ekits-heading\"><h3 class=\"title\">Tasaciones<\/h3><p class=\"sub-heading\">Efectuamos informes de tasaciones dentro de\nRancagua y sus alrededores, entregando un\ninforme con todas las caracter\u00edsticas, materiales\nde construcci\u00f3n, condiciones de mantenci\u00f3n,\nentorno circundante, etc. de la propiedad\ntasada, entregando un valor comercial de\nmercado.<\/p><\/div><\/div>\t\t\t\t<\/div>\n\t\t\t\t<\/div>\n\t\t\t\t\t<\/div>\n\t\t<\/div>\n\t\t\t\t<div class=\"elementor-column elementor-col-33 elementor-inner-column elementor-element elementor-element-2c80f71\" data-id=\"2c80f71\" data-element_type=\"column\">\n\t\t\t<div class=\"elementor-widget-wrap elementor-element-populated\">\n\t\t\t\t\t\t<div class=\"elementor-element elementor-element-b1c0a28 elementor-widget elementor-widget-thim-ekits-icon-box\" data-id=\"b1c0a28\" data-element_type=\"widget\" data-widget_type=\"thim-ekits-icon-box.default\">\n\t\t\t\t<div class=\"elementor-widget-container\">\n\t\t\t\t\t<div class=\"ekits-iconbox iconbox-top\"><div class=\"content-inner thim-ekits-heading\"><h3 class=\"title\">Ventas y Arriendos<\/h3><p class=\"sub-heading\">En este plano se toma una propiedad en venta o\narriendo mediante un contrato entre propietario\ny la oficina, publicando dicha propiedad en\nvarios portales, como son Proppit, Icasa\nTrovit,Mitula, Nuroa, Nestoria, Coproch, y otros,\nadem\u00e1s de publicaci\u00f3n en soporte papel a\ntrav\u00e9s del diario El Rancag\u00fcino, escogiendo a los\nmejores postulantes en cada caso.<\/p><\/div><\/div>\t\t\t\t<\/div>\n\t\t\t\t<\/div>\n\t\t\t\t\t<\/div>\n\t\t<\/div>\n\t\t\t\t\t<\/div>\n\t\t<\/section>\n\t\t\t\t<section class=\"elementor-section elementor-inner-section elementor-element elementor-element-9206ca1 elementor-section-boxed elementor-section-height-default elementor-section-height-default\" data-id=\"9206ca1\" data-element_type=\"section\">\n\t\t\t\t\t\t<div class=\"elementor-container elementor-column-gap-default\">\n\t\t\t\t\t<div class=\"elementor-column elementor-col-33 elementor-inner-column elementor-element elementor-element-adeb591\" data-id=\"adeb591\" data-element_type=\"column\">\n\t\t\t<div class=\"elementor-widget-wrap elementor-element-populated\">\n\t\t\t\t\t\t<div class=\"elementor-element elementor-element-8c57e16 elementor-widget elementor-widget-thim-ekits-icon-box\" data-id=\"8c57e16\" data-element_type=\"widget\" data-widget_type=\"thim-ekits-icon-box.default\">\n\t\t\t\t<div class=\"elementor-widget-container\">\n\t\t\t\t\t<div class=\"ekits-iconbox iconbox-top\"><div class=\"content-inner thim-ekits-heading\"><h3 class=\"title\">Asesor\u00edas<\/h3><p class=\"sub-heading\">Dentro de las asesor\u00edas apoyamos en toda la\ntramitaci\u00f3n de los cr\u00e9ditos hipotecarios, y en\ntodo lo que dice relaci\u00f3n de llegar a buen\nt\u00e9rmino en la adquisici\u00f3n de un bien ra\u00edz.\nTambi\u00e9n apoyamos en la gesti\u00f3n de tramitar\nposesiones efectivas intestadas ante el Servicio\nde Registro Civil e Identificaci\u00f3n.<\/p><\/div><\/div>\t\t\t\t<\/div>\n\t\t\t\t<\/div>\n\t\t\t\t\t<\/div>\n\t\t<\/div>\n\t\t\t\t<div class=\"elementor-column elementor-col-33 elementor-inner-column elementor-element elementor-element-44d7f8c\" data-id=\"44d7f8c\" data-element_type=\"column\">\n\t\t\t<div class=\"elementor-widget-wrap elementor-element-populated\">\n\t\t\t\t\t\t<div class=\"elementor-element elementor-element-d505c03 elementor-widget elementor-widget-thim-ekits-icon-box\" data-id=\"d505c03\" data-element_type=\"widget\" data-widget_type=\"thim-ekits-icon-box.default\">\n\t\t\t\t<div class=\"elementor-widget-container\">\n\t\t\t\t\t<div class=\"ekits-iconbox iconbox-top\"><div class=\"content-inner thim-ekits-heading\"><h3 class=\"title\">Seguros<\/h3><p class=\"sub-heading\">Contamos en nuestra oficina con una\nexperiencia de muchos a\u00f1os en el rubro de\nseguros, sobre coberturas de incendio para\nhogar, industrias, packing, etc, seguros de robo,\nveh\u00edculos, transporte terrestre, responsabilidad\ncivil, SOAP, accidentes personales<\/p><\/div><\/div>\t\t\t\t<\/div>\n\t\t\t\t<\/div>\n\t\t\t\t\t<\/div>\n\t\t<\/div>\n\t\t\t\t<div class=\"elementor-column elementor-col-33 elementor-inner-column elementor-element elementor-element-f5aaeec\" data-id=\"f5aaeec\" data-element_type=\"column\">\n\t\t\t<div class=\"elementor-widget-wrap\">\n\t\t\t\t\t\t\t<\/div>\n\t\t<\/div>\n\t\t\t\t\t<\/div>\n\t\t<\/section>\n\t\t\t\t\t<\/div>\n\t\t<\/div>\n\t\t\t\t\t<\/div>\n\t\t<\/section>\n\t\t\t\t<\/div>\n\t\t","protected":false},"excerpt":{"rendered":"<p>\u00bfQui\u00e9nes Somos? Malague\u00f1o Corretajes\u00a0naci\u00f3 en el a\u00f1o 1945\u00a0 de la mano de su fundador Washington Malague\u00f1o Pinedo, inici\u00e1ndose en el corretaje de Seguros, ampliando su rubro con el corretaje de Propiedades. Desde el a\u00f1o 1978\u00a0 a trav\u00e9s de la sociedad\u00a0 [&hellip;]<\/p>\n","protected":false},"author":1,"featured_media":0,"parent":0,"menu_order":0,"comment_status":"closed","ping_status":"closed","template":"elementor_header_footer","meta":{"footnotes":""},"class_list":["post-16436","page","type-page","status-publish","hentry"],"_links":{"self":[{"href":"https:\/\/carmenmalagueno.cl\/index.php\/wp-json\/wp\/v2\/pages\/16436","targetHints":{"allow":["GET"]}}],"collection":[{"href":"https:\/\/carmenmalagueno.cl\/index.php\/wp-json\/wp\/v2\/pages"}],"about":[{"href":"https:\/\/carmenmalagueno.cl\/index.php\/wp-json\/wp\/v2\/types\/page"}],"author":[{"embeddable":true,"href":"https:\/\/carmenmalagueno.cl\/index.php\/wp-json\/wp\/v2\/users\/1"}],"replies":[{"embeddable":true,"href":"https:\/\/carmenmalagueno.cl\/index.php\/wp-json\/wp\/v2\/comments?post=16436"}],"version-history":[{"count":25,"href":"https:\/\/carmenmalagueno.cl\/index.php\/wp-json\/wp\/v2\/pages\/16436\/revisions"}],"predecessor-version":[{"id":27118,"href":"https:\/\/carmenmalagueno.cl\/index.php\/wp-json\/wp\/v2\/pages\/16436\/revisions\/27118"}],"wp:attachment":[{"href":"https:\/\/carmenmalagueno.cl\/index.php\/wp-json\/wp\/v2\/media?parent=16436"}],"curies":[{"name":"wp","href":"https:\/\/api.w.org\/{rel}","templated":true}]}}