{"id":16438,"date":"2022-07-20T08:52:33","date_gmt":"2022-07-20T08:52:33","guid":{"rendered":"https:\/\/caserc.thimpress.com\/?page_id=16438"},"modified":"2023-11-21T23:13:15","modified_gmt":"2023-11-22T03:13:15","slug":"contact-us","status":"publish","type":"page","link":"https:\/\/carmenmalagueno.cl\/index.php\/contact-us\/","title":{"rendered":"Contact Us"},"content":{"rendered":"\t\t<div data-elementor-type=\"wp-page\" data-elementor-id=\"16438\" class=\"elementor elementor-16438\">\n\t\t\t\t\t\t<section class=\"elementor-section elementor-top-section elementor-element elementor-element-d872754 elementor-section-boxed elementor-section-height-default elementor-section-height-default\" data-id=\"d872754\" data-element_type=\"section\">\n\t\t\t\t\t\t<div class=\"elementor-container elementor-column-gap-no\">\n\t\t\t\t\t<div class=\"elementor-column elementor-col-100 elementor-top-column elementor-element elementor-element-49b278b\" data-id=\"49b278b\" data-element_type=\"column\">\n\t\t\t<div class=\"elementor-widget-wrap elementor-element-populated\">\n\t\t\t\t\t\t<section class=\"elementor-section elementor-inner-section elementor-element elementor-element-5773538 elementor-section-boxed elementor-section-height-default elementor-section-height-default\" data-id=\"5773538\" data-element_type=\"section\" data-settings=\"{&quot;background_background&quot;:&quot;classic&quot;}\">\n\t\t\t\t\t\t<div class=\"elementor-container elementor-column-gap-no\">\n\t\t\t\t\t<div class=\"elementor-column elementor-col-50 elementor-inner-column elementor-element elementor-element-bc522f4\" data-id=\"bc522f4\" data-element_type=\"column\">\n\t\t\t<div class=\"elementor-widget-wrap elementor-element-populated\">\n\t\t\t\t\t\t<div class=\"elementor-element elementor-element-9dfb0ce elementor-widget elementor-widget-thim-ekits-heading\" data-id=\"9dfb0ce\" data-element_type=\"widget\" data-widget_type=\"thim-ekits-heading.default\">\n\t\t\t\t<div class=\"elementor-widget-container\">\n\t\t\t\t\t<div class=\"thim-ekits-heading thim-ekit__heading\"><h1 class=\"title\">Corretaje Carmen Malague\u00f1o<\/h1><p class=\"sub-heading\">Campos 473, Local 3 Rancagua, Chile<\/p><\/div>\t\t\t\t<\/div>\n\t\t\t\t<\/div>\n\t\t\t\t\t<\/div>\n\t\t<\/div>\n\t\t\t\t<div class=\"elementor-column elementor-col-50 elementor-inner-column elementor-element elementor-element-61064a8\" data-id=\"61064a8\" data-element_type=\"column\">\n\t\t\t<div class=\"elementor-widget-wrap elementor-element-populated\">\n\t\t\t\t\t\t<div class=\"elementor-element elementor-element-37394f9 elementor-widget elementor-widget-thim-ekits-social\" data-id=\"37394f9\" data-element_type=\"widget\" data-widget_type=\"thim-ekits-social.default\">\n\t\t\t\t<div class=\"elementor-widget-container\">\n\t\t\t\t\t\t\t<div class=\"social-swapper\">\n\t\t\t\n\t\t<ul class=\"thim-social-media\">\n\t\t\t\t\t\t\t\t\t\t\t\t<li class=\"elementor-repeater-item-9248dbd\">\n\t\t\t\t\t\t<a href=\"https:\/\/www.instagram.com\/malaguenocorretajes\/\">\n\t\t\t\t\t\t\t\t\t\t\t\t\t\t\t<i aria-hidden=\"true\" class=\"tk tk-instagram\"><\/i>\t\t\t\t\t\t\t\n\t\t\t\t\t\t\t\n\t\t\t\t\t\t\t\t\t\t\t\t\t<\/a>\n\t\t\t\t\t<\/li>\n\t\t\t\t\t\t\t\t\t<\/ul>\n\t\t\t\t<\/div>\n\t\t\t\t\t\t<\/div>\n\t\t\t\t<\/div>\n\t\t\t\t\t<\/div>\n\t\t<\/div>\n\t\t\t\t\t<\/div>\n\t\t<\/section>\n\t\t\t\t<section class=\"elementor-section elementor-inner-section elementor-element elementor-element-1f23889 elementor-section-boxed elementor-section-height-default elementor-section-height-default\" data-id=\"1f23889\" data-element_type=\"section\">\n\t\t\t\t\t\t<div class=\"elementor-container elementor-column-gap-no\">\n\t\t\t\t\t<div class=\"elementor-column elementor-col-50 elementor-inner-column elementor-element elementor-element-412d30d\" data-id=\"412d30d\" data-element_type=\"column\">\n\t\t\t<div class=\"elementor-widget-wrap elementor-element-populated\">\n\t\t\t\t\t\t<div class=\"elementor-element elementor-element-b7aa61d elementor-widget elementor-widget-thim-ekits-icon-box\" data-id=\"b7aa61d\" data-element_type=\"widget\" data-widget_type=\"thim-ekits-icon-box.default\">\n\t\t\t\t<div class=\"elementor-widget-container\">\n\t\t\t\t\t<div class=\"ekits-iconbox iconbox-left\"><div class=\"boxes-icon\"><svg xmlns=\"http:\/\/www.w3.org\/2000\/svg\" width=\"55\" height=\"52\" viewBox=\"0 0 55 52\" fill=\"none\"><path d=\"M50.6854 0.708984H31.0985C30.6577 0.708984 30.3006 1.06609 30.3006 1.5068C30.3006 1.94752 30.6577 2.30462 31.0985 2.30462H50.6854C51.8907 2.30462 52.8714 3.28529 52.8714 4.49064V25.0351C52.8714 26.2404 51.8907 27.2211 50.6854 27.2211H47.5569C47.3888 27.2211 47.225 27.2742 47.0889 27.3728L41.6488 31.313V28.0189C41.6488 27.5782 41.2917 27.2211 40.851 27.2211H23.5341C22.3286 27.2211 21.3481 26.2404 21.3481 25.0351V4.49064C21.3481 3.28529 22.3287 2.30462 23.5341 2.30462H27.6221C28.0628 2.30462 28.4199 1.94752 28.4199 1.5068C28.4199 1.06609 28.0628 0.708984 27.6221 0.708984H23.5341C21.4488 0.708984 19.7524 2.40536 19.7524 4.49064V25.0351C19.7524 27.1203 21.4489 28.8167 23.5341 28.8167H40.0532V32.876C40.0532 33.1758 40.2212 33.4502 40.4882 33.5866C40.7712 33.7215 41.0481 33.7 41.319 33.5222L47.8155 28.8168H50.6854C52.7707 28.8168 54.467 27.1204 54.467 25.0352V4.49064C54.467 2.40546 52.7706 0.708984 50.6854 0.708984Z\" fill=\"#0047FF\"><\/path><path d=\"M46.3367 42.8793C46.1703 41.6902 45.4704 40.6793 44.4145 40.104L40.8666 38.171C40.4797 37.9599 39.9952 38.1028 39.7844 38.49C39.5737 38.8769 39.7165 39.3615 40.1035 39.5722L43.6509 41.505C44.2579 41.8357 44.6601 42.4163 44.7562 43.0991C44.7568 43.1034 44.7573 43.1078 44.7579 43.1121C44.851 43.8018 44.6162 44.4746 44.1142 44.9573L43.5912 45.4594L30.4936 38.0896L32.0329 36.7357C32.6895 36.158 33.6454 36.0513 34.4123 36.4702L36.626 37.6766C37.0128 37.8873 37.4974 37.7448 37.7083 37.3578C37.9191 36.9709 37.7765 36.4863 37.3895 36.2754L35.1764 35.0693C33.8239 34.3309 32.1369 34.5188 30.9791 35.5375L27.392 38.6927C26.6573 39.3389 25.5849 39.3989 24.7844 38.8382C19.3814 35.053 15.4577 30.8889 12.7892 26.1082C12.3392 25.3011 12.465 24.3056 13.1018 23.6313L15.9412 20.6282C17 19.5072 17.2481 17.8279 16.5588 16.4492L11.7807 6.89287C11.2484 5.82688 10.2708 5.09257 9.09861 4.87812C7.92571 4.66324 6.75079 5.00439 5.87468 5.81337L4.05992 7.48996C2.05389 9.34302 0.726318 11.7394 0.220821 14.4199C-0.285633 17.1048 0.0829585 19.8133 1.2866 22.2533C1.29192 22.2646 1.29692 22.2744 1.30107 22.2824C2.06378 23.8249 2.88851 25.3332 3.75079 26.763C3.89471 27.0036 4.04992 27.2578 4.21182 27.5188C4.44425 27.893 4.93603 28.0081 5.31047 27.7758C5.6848 27.5434 5.7999 27.0515 5.56758 26.6771C5.41025 26.4236 5.25962 26.1768 5.11867 25.9413C4.27873 24.5486 3.47645 23.0814 2.73405 21.5806C2.7299 21.5719 2.72565 21.5633 2.72129 21.5548C0.623985 17.3112 1.56105 12.1042 4.98815 8.81072L12.1831 22.2806L11.9421 22.5355C10.8242 23.7188 10.6046 25.467 11.3957 26.8857C14.1843 31.8817 18.2642 36.2188 23.869 40.1452C24.5123 40.5957 25.2554 40.8181 25.9958 40.8181C26.8731 40.8181 27.7467 40.5057 28.4459 39.8908L29.2242 39.2062L42.3891 46.6137L42.3758 46.6265C38.9824 49.8867 33.899 50.6287 29.7268 48.4726C20.6831 43.7981 13.3313 37.6187 7.8754 30.1067C7.61637 29.7501 7.11747 29.6709 6.761 29.93C6.40443 30.189 6.3254 30.6878 6.58432 31.0444C12.1878 38.7596 19.7274 45.1003 28.9939 49.8904C30.818 50.8329 32.7931 51.292 34.7553 51.292C37.9344 51.292 41.0782 50.086 43.4809 47.7776L45.2195 46.1081C46.0867 45.2742 46.4952 44.1153 46.3425 42.9245C46.341 42.9093 46.339 42.8944 46.3367 42.8793ZM6.19721 7.68771L6.95737 6.98552C7.46117 6.52034 8.13665 6.32451 8.81139 6.44769C9.48518 6.57098 10.0472 6.99308 10.3533 7.60623L15.1317 17.163C15.5225 17.9447 15.3817 18.8969 14.7815 19.5323L13.339 21.0581L6.19721 7.68771Z\" fill=\"#0047FF\"><\/path><path d=\"M48.0347 15.5196C48.0347 13.9829 46.7845 12.7327 45.2478 12.7327C43.7112 12.7327 42.4609 13.9829 42.4609 15.5196C42.4609 17.0562 43.7112 18.3064 45.2478 18.3064C46.7845 18.3064 48.0347 17.0562 48.0347 15.5196ZM44.0565 15.5196C44.0565 14.8627 44.5908 14.3283 45.2477 14.3283C45.9045 14.3283 46.439 14.8627 46.439 15.5196C46.439 16.1765 45.9045 16.7108 45.2477 16.7108C44.5908 16.7108 44.0565 16.1765 44.0565 15.5196Z\" fill=\"#0047FF\"><\/path><path d=\"M39.8965 15.5196C39.8965 13.9829 38.6463 12.7327 37.1097 12.7327C35.573 12.7327 34.3228 13.9829 34.3228 15.5196C34.3228 17.0562 35.573 18.3064 37.1097 18.3064C38.6463 18.3064 39.8965 17.0562 39.8965 15.5196ZM35.9183 15.5196C35.9183 14.8627 36.4527 14.3283 37.1096 14.3283C37.7665 14.3283 38.3008 14.8627 38.3008 15.5196C38.3008 16.1765 37.7665 16.7108 37.1096 16.7108C36.4527 16.7108 35.9183 16.1765 35.9183 15.5196Z\" fill=\"#0047FF\"><\/path><path d=\"M26.1836 15.5196C26.1836 17.0562 27.4337 18.3064 28.9705 18.3064C30.5073 18.3064 31.7575 17.0562 31.7575 15.5196C31.7575 13.9829 30.5072 12.7327 28.9705 12.7327C27.4338 12.7327 26.1836 13.9829 26.1836 15.5196ZM28.9705 14.3283C29.6274 14.3283 30.1618 14.8627 30.1618 15.5196C30.1618 16.1765 29.6274 16.7108 28.9705 16.7108C28.3137 16.7108 27.7793 16.1765 27.7793 15.5196C27.7793 14.8627 28.3137 14.3283 28.9705 14.3283Z\" fill=\"#0047FF\"><\/path><\/svg><\/div><div class=\"content-inner thim-ekits-heading\"><p class=\"sub-heading\">Tel\u00e9fono<\/p><h3 class=\"title\">+569 98442352 - 722 230955<\/h3><\/div><\/div>\t\t\t\t<\/div>\n\t\t\t\t<\/div>\n\t\t\t\t\t<\/div>\n\t\t<\/div>\n\t\t\t\t<div class=\"elementor-column elementor-col-50 elementor-inner-column elementor-element elementor-element-9b9fa8d\" data-id=\"9b9fa8d\" data-element_type=\"column\">\n\t\t\t<div class=\"elementor-widget-wrap elementor-element-populated\">\n\t\t\t\t\t\t<div class=\"elementor-element elementor-element-8d86134 elementor-widget elementor-widget-thim-ekits-icon-box\" data-id=\"8d86134\" data-element_type=\"widget\" data-widget_type=\"thim-ekits-icon-box.default\">\n\t\t\t\t<div class=\"elementor-widget-container\">\n\t\t\t\t\t<div class=\"ekits-iconbox iconbox-left\"><div class=\"boxes-icon\"><svg xmlns=\"http:\/\/www.w3.org\/2000\/svg\" width=\"55\" height=\"52\" viewBox=\"0 0 55 52\" fill=\"none\"><path d=\"M52.0551 13.3003L48.5874 11.3431V7.59214C48.5874 5.87111 47.1872 4.47093 45.4662 4.47093H43.1811C42.7405 4.47093 42.3832 4.82815 42.3832 5.26878C42.3832 5.70941 42.7405 6.06664 43.1811 6.06664H45.4662C46.3073 6.06664 46.9917 6.75099 46.9917 7.59214V22.9336L33.981 32.2221L29.7651 29.2124C28.2513 28.1321 26.2162 28.132 24.7008 29.2125L20.4858 32.2216L7.47539 22.9332V7.59214C7.47539 6.75099 8.1607 6.06664 9.00302 6.06664H39.545C39.9856 6.06664 40.3429 5.70941 40.3429 5.26878C40.3429 4.82815 39.9856 4.47093 39.545 4.47093H36.4092L29.564 0.607701C28.1264 -0.202603 26.3404 -0.202603 24.9025 0.607914L18.0576 4.47093H9.00302C7.28082 4.47093 5.87968 5.87111 5.87968 7.59214V11.3432L2.4123 13.3002C0.924344 14.1394 0 15.7223 0 17.4313V33.2023C0 33.6429 0.357227 34.0002 0.797857 34.0002C1.23849 34.0002 1.59571 33.6429 1.59571 33.2023V20.6964L19.1126 33.202L1.59571 45.7074V36.9256C1.59571 36.485 1.23849 36.1278 0.797857 36.1278C0.357227 36.1278 0 36.485 0 36.9256V47.2574C0 49.8724 2.12751 51.9998 4.74246 51.9998H49.7246C52.3397 51.9998 54.4671 49.8723 54.4671 47.2574V17.4313C54.4671 15.7223 53.5427 14.1394 52.0551 13.3003ZM25.6864 1.99778C26.6407 1.45981 27.8262 1.45981 28.7802 1.99757L33.1627 4.47093H21.3044L25.6864 1.99778ZM1.59571 17.4313C1.59571 16.2972 2.209 15.2469 3.19632 14.69L5.87968 13.1756V21.7941L1.59571 18.7357V17.4313ZM48.5874 13.1756L51.271 14.6902C52.2581 15.2469 52.8713 16.2972 52.8713 17.4313V18.736L48.5874 21.7944V13.1756ZM49.7246 50.4041H4.74246C3.14037 50.4041 1.81507 49.2004 1.62103 47.6499L25.6276 30.5115C26.5883 29.8265 27.8784 29.8265 28.838 30.5113L36.4155 35.9208C36.7741 36.1768 37.2724 36.0935 37.5283 35.7349C37.7844 35.3763 37.7012 34.878 37.3425 34.6221L35.354 33.2025L52.8713 20.6966V45.7074L40.3436 36.7645C39.9851 36.5084 39.4867 36.5916 39.2306 36.9503C38.9747 37.3089 39.0578 37.8072 39.4165 38.0632L52.8459 47.6498C52.652 49.2003 51.3267 50.4041 49.7246 50.4041Z\" fill=\"#1052FF\"><\/path><path d=\"M32.6294 12.6213C32.4412 12.0421 31.9498 11.628 31.3471 11.5403L29.491 11.2737L28.6585 9.58693C28.3889 9.04077 27.8431 8.70142 27.2341 8.70142C26.6249 8.70142 26.0792 9.04066 25.8096 9.58693L24.9826 11.2699L23.1211 11.5403C22.5183 11.6279 22.027 12.0421 21.8387 12.6213C21.6504 13.2006 21.8045 13.8245 22.2406 14.2497L23.5856 15.5563L23.2677 17.4104C23.1647 18.0107 23.4069 18.606 23.8996 18.964C24.3923 19.322 25.0333 19.3683 25.5724 19.0849L27.2307 18.2095L28.8957 19.0849C29.1302 19.2082 29.3839 19.2691 29.6364 19.2691C29.9643 19.2691 30.2902 19.1663 30.5686 18.964C31.0613 18.606 31.3035 18.0107 31.2005 17.4104L30.8804 15.5628L32.2275 14.2497C32.6636 13.8245 32.8176 13.2006 32.6294 12.6213ZM29.7666 14.42C29.3921 14.785 29.2214 15.3107 29.3098 15.8261L29.625 17.6655L27.9732 16.7971C27.7418 16.6754 27.4879 16.6147 27.2341 16.6147C26.9801 16.6147 26.7263 16.6755 26.4948 16.7971L24.8428 17.6654L25.1583 15.8262C25.2467 15.3108 25.0759 14.7851 24.7015 14.4201L23.3652 13.1173L25.2121 12.849C25.7295 12.7737 26.1766 12.4489 26.408 11.9801L27.2342 10.3067L28.0601 11.98C28.2915 12.4489 28.7385 12.7737 29.2562 12.849L31.103 13.1175L29.7666 14.42Z\" fill=\"#1052FF\"><\/path><path d=\"M40.3351 22.9644C40.3351 22.5237 39.9778 22.1665 39.5372 22.1665H14.9297C14.4891 22.1665 14.1318 22.5237 14.1318 22.9644C14.1318 23.405 14.4891 23.7622 14.9297 23.7622H39.5372C39.9778 23.7622 40.3351 23.405 40.3351 22.9644Z\" fill=\"#1052FF\"><\/path><path d=\"M19.4072 25.5537C18.9666 25.5537 18.6094 25.9109 18.6094 26.3516C18.6094 26.7922 18.9666 27.1494 19.4072 27.1494H35.0612C35.5018 27.1494 35.8591 26.7922 35.8591 26.3516C35.8591 25.9109 35.5018 25.5537 35.0612 25.5537H19.4072Z\" fill=\"#1052FF\"><\/path><\/svg><\/div><div class=\"content-inner thim-ekits-heading\"><p class=\"sub-heading\">Correo<\/p><h3 class=\"title\">malaguenocorretajes@gmail.com<\/h3><\/div><\/div>\t\t\t\t<\/div>\n\t\t\t\t<\/div>\n\t\t\t\t\t<\/div>\n\t\t<\/div>\n\t\t\t\t\t<\/div>\n\t\t<\/section>\n\t\t\t\t<section class=\"elementor-section elementor-inner-section elementor-element elementor-element-c50fd1a elementor-section-boxed elementor-section-height-default elementor-section-height-default\" data-id=\"c50fd1a\" data-element_type=\"section\" data-settings=\"{&quot;background_background&quot;:&quot;classic&quot;}\">\n\t\t\t\t\t\t<div class=\"elementor-container elementor-column-gap-no\">\n\t\t\t\t\t<div class=\"elementor-column elementor-col-100 elementor-inner-column elementor-element elementor-element-b68055f\" data-id=\"b68055f\" data-element_type=\"column\">\n\t\t\t<div class=\"elementor-widget-wrap elementor-element-populated\">\n\t\t\t\t\t\t<div class=\"elementor-element elementor-element-c256896 elementor-widget elementor-widget-text-editor\" data-id=\"c256896\" data-element_type=\"widget\" data-widget_type=\"text-editor.default\">\n\t\t\t\t<div class=\"elementor-widget-container\">\n\t\t\t\t\t\t\t\t\t<p>Encu\u00e9ntranos, para poder agendar una visita presencial y que obtengas la propiedad que tanto buscas.<\/p>\t\t\t\t\t\t\t\t<\/div>\n\t\t\t\t<\/div>\n\t\t\t\t<div class=\"elementor-element elementor-element-d7ba014 elementor-widget elementor-widget-google_maps\" data-id=\"d7ba014\" data-element_type=\"widget\" data-widget_type=\"google_maps.default\">\n\t\t\t\t<div class=\"elementor-widget-container\">\n\t\t\t\t\t\t\t<div class=\"elementor-custom-embed\">\n\t\t\t<iframe loading=\"lazy\"\n\t\t\t\t\tsrc=\"https:\/\/maps.google.com\/maps?q=Campos%20473%2C%20Local%203%20Rancagua%2C%20Chile&#038;t=m&#038;z=17&#038;output=embed&#038;iwloc=near\"\n\t\t\t\t\ttitle=\"Campos 473, Local 3 Rancagua, Chile\"\n\t\t\t\t\taria-label=\"Campos 473, Local 3 Rancagua, Chile\"\n\t\t\t><\/iframe>\n\t\t<\/div>\n\t\t\t\t\t\t<\/div>\n\t\t\t\t<\/div>\n\t\t\t\t\t<\/div>\n\t\t<\/div>\n\t\t\t\t\t<\/div>\n\t\t<\/section>\n\t\t\t\t<section class=\"elementor-section elementor-inner-section elementor-element elementor-element-02df282 elementor-section-boxed elementor-section-height-default elementor-section-height-default\" data-id=\"02df282\" data-element_type=\"section\" data-settings=\"{&quot;background_background&quot;:&quot;classic&quot;}\">\n\t\t\t\t\t\t<div class=\"elementor-container elementor-column-gap-no\">\n\t\t\t\t\t<div class=\"elementor-column elementor-col-100 elementor-inner-column elementor-element elementor-element-4ade5d3\" data-id=\"4ade5d3\" data-element_type=\"column\">\n\t\t\t<div class=\"elementor-widget-wrap elementor-element-populated\">\n\t\t\t\t\t\t<div class=\"elementor-element elementor-element-6d002e4 elementor-widget elementor-widget-thim-ekits-heading\" data-id=\"6d002e4\" data-element_type=\"widget\" data-widget_type=\"thim-ekits-heading.default\">\n\t\t\t\t<div class=\"elementor-widget-container\">\n\t\t\t\t\t<div class=\"thim-ekits-heading thim-ekit__heading\"><h3 class=\"title\">\u00bfQuieres escribirnos o bien tienes alguna duda?<\/h3><p class=\"sub-heading\">Env\u00edanos un mensaje a trav\u00e9s de nuestro formulario, y te contactaremos para resolver todas tus dudas.<\/p><\/div>\t\t\t\t<\/div>\n\t\t\t\t<\/div>\n\t\t\t\t\t<\/div>\n\t\t<\/div>\n\t\t\t\t\t<\/div>\n\t\t<\/section>\n\t\t\t\t<section class=\"elementor-section elementor-inner-section elementor-element elementor-element-24e8b8b elementor-section-boxed elementor-section-height-default elementor-section-height-default\" data-id=\"24e8b8b\" data-element_type=\"section\">\n\t\t\t\t\t\t<div class=\"elementor-container elementor-column-gap-no\">\n\t\t\t\t\t<div class=\"elementor-column elementor-col-100 elementor-inner-column elementor-element elementor-element-f7a36d6\" data-id=\"f7a36d6\" data-element_type=\"column\" data-settings=\"{&quot;background_background&quot;:&quot;classic&quot;}\">\n\t\t\t<div class=\"elementor-widget-wrap elementor-element-populated\">\n\t\t\t\t\t\t<div class=\"elementor-element elementor-element-42028d2 elementor-widget elementor-widget-heading\" data-id=\"42028d2\" data-element_type=\"widget\" data-widget_type=\"heading.default\">\n\t\t\t\t<div class=\"elementor-widget-container\">\n\t\t\t\t\t<h3 class=\"elementor-heading-title elementor-size-default\">Cont\u00e1ctanos<\/h3>\t\t\t\t<\/div>\n\t\t\t\t<\/div>\n\t\t\t\t<div class=\"elementor-element elementor-element-211d632 elementor-widget elementor-widget-thim-ekits-contact-form-7\" data-id=\"211d632\" data-element_type=\"widget\" data-widget_type=\"thim-ekits-contact-form-7.default\">\n\t\t\t\t<div class=\"elementor-widget-container\">\n\t\t\t\t\t\t\t\t<div class=\"thim-ekit-wpcf7\">\n\t\t\t\t\n<div class=\"wpcf7 no-js\" id=\"wpcf7-f16277-o1\" lang=\"en-US\" dir=\"ltr\" data-wpcf7-id=\"16277\">\n<div class=\"screen-reader-response\"><p role=\"status\" aria-live=\"polite\" aria-atomic=\"true\"><\/p> <ul><\/ul><\/div>\n<form action=\"\/index.php\/wp-json\/wp\/v2\/pages\/16438#wpcf7-f16277-o1\" method=\"post\" class=\"wpcf7-form init\" aria-label=\"Contact form\" novalidate=\"novalidate\" data-status=\"init\">\n<div style=\"display: none;\">\n<input type=\"hidden\" name=\"_wpcf7\" value=\"16277\" \/>\n<input type=\"hidden\" name=\"_wpcf7_version\" value=\"6.0.6\" \/>\n<input type=\"hidden\" name=\"_wpcf7_locale\" value=\"en_US\" \/>\n<input type=\"hidden\" name=\"_wpcf7_unit_tag\" value=\"wpcf7-f16277-o1\" \/>\n<input type=\"hidden\" name=\"_wpcf7_container_post\" value=\"0\" \/>\n<input type=\"hidden\" name=\"_wpcf7_posted_data_hash\" value=\"\" \/>\n<\/div>\n<div class=\"wpcf7-response-output\" aria-hidden=\"true\"><\/div>\n<p><label> Nombre<br \/>\n<span class=\"wpcf7-form-control-wrap\" data-name=\"your-name\"><input size=\"40\" maxlength=\"400\" class=\"wpcf7-form-control wpcf7-text wpcf7-validates-as-required\" aria-required=\"true\" aria-invalid=\"false\" value=\"\" type=\"text\" name=\"your-name\" \/><\/span> <\/label>\n<\/p>\n<p><label> Correo<br \/>\n<span class=\"wpcf7-form-control-wrap\" data-name=\"your-email\"><input size=\"40\" maxlength=\"400\" class=\"wpcf7-form-control wpcf7-email wpcf7-validates-as-required wpcf7-text wpcf7-validates-as-email\" aria-required=\"true\" aria-invalid=\"false\" value=\"\" type=\"email\" name=\"your-email\" \/><\/span> <\/label>\n<\/p>\n<p><label> Asunto<br \/>\n<span class=\"wpcf7-form-control-wrap\" data-name=\"your-subject\"><input size=\"40\" maxlength=\"400\" class=\"wpcf7-form-control wpcf7-text wpcf7-validates-as-required\" aria-required=\"true\" aria-invalid=\"false\" value=\"\" type=\"text\" name=\"your-subject\" \/><\/span> <\/label>\n<\/p>\n<p><label> Comentario (optional)<br \/>\n<span class=\"wpcf7-form-control-wrap\" data-name=\"your-message\"><textarea cols=\"40\" rows=\"10\" maxlength=\"2000\" class=\"wpcf7-form-control wpcf7-textarea\" aria-invalid=\"false\" name=\"your-message\"><\/textarea><\/span> <\/label>\n<\/p>\n<p><input class=\"wpcf7-form-control wpcf7-submit has-spinner\" type=\"submit\" value=\"Enviar Mensaje\" \/>\n<\/p>\n<\/form>\n<\/div>\n\t\t\t<\/div>\n\t\t\t\t\t\t<\/div>\n\t\t\t\t<\/div>\n\t\t\t\t\t<\/div>\n\t\t<\/div>\n\t\t\t\t\t<\/div>\n\t\t<\/section>\n\t\t\t\t\t<\/div>\n\t\t<\/div>\n\t\t\t\t\t<\/div>\n\t\t<\/section>\n\t\t\t\t<\/div>\n\t\t","protected":false},"excerpt":{"rendered":"<p>Corretaje Carmen Malague\u00f1o Campos 473, Local 3 Rancagua, Chile Tel\u00e9fono +569 98442352 &#8211; 722 230955 Correo malaguenocorretajes@gmail.com Encu\u00e9ntranos, para poder agendar una visita presencial y que obtengas la propiedad que tanto buscas. \u00bfQuieres escribirnos o bien tienes alguna duda? Env\u00edanos [&hellip;]<\/p>\n","protected":false},"author":1,"featured_media":0,"parent":0,"menu_order":0,"comment_status":"closed","ping_status":"closed","template":"","meta":{"footnotes":""},"class_list":["post-16438","page","type-page","status-publish","hentry"],"_links":{"self":[{"href":"https:\/\/carmenmalagueno.cl\/index.php\/wp-json\/wp\/v2\/pages\/16438","targetHints":{"allow":["GET"]}}],"collection":[{"href":"https:\/\/carmenmalagueno.cl\/index.php\/wp-json\/wp\/v2\/pages"}],"about":[{"href":"https:\/\/carmenmalagueno.cl\/index.php\/wp-json\/wp\/v2\/types\/page"}],"author":[{"embeddable":true,"href":"https:\/\/carmenmalagueno.cl\/index.php\/wp-json\/wp\/v2\/users\/1"}],"replies":[{"embeddable":true,"href":"https:\/\/carmenmalagueno.cl\/index.php\/wp-json\/wp\/v2\/comments?post=16438"}],"version-history":[{"count":9,"href":"https:\/\/carmenmalagueno.cl\/index.php\/wp-json\/wp\/v2\/pages\/16438\/revisions"}],"predecessor-version":[{"id":26977,"href":"https:\/\/carmenmalagueno.cl\/index.php\/wp-json\/wp\/v2\/pages\/16438\/revisions\/26977"}],"wp:attachment":[{"href":"https:\/\/carmenmalagueno.cl\/index.php\/wp-json\/wp\/v2\/media?parent=16438"}],"curies":[{"name":"wp","href":"https:\/\/api.w.org\/{rel}","templated":true}]}}